{"id":97,"date":"2014-05-22T23:27:37","date_gmt":"2014-05-23T02:27:37","guid":{"rendered":"http:\/\/sinpes.org.br\/site\/?page_id=97"},"modified":"2014-07-24T11:15:56","modified_gmt":"2014-07-24T14:15:56","slug":"finalidades","status":"publish","type":"page","link":"https:\/\/sinpes.org.br\/site\/finalidades\/","title":{"rendered":"Finalidades"},"content":{"rendered":"<p>S\u00e3o as seguintes as finalidades do SINPES:<\/p>\n<p>I &#8211; Defender os interesses profissionais dos professores de terceiro grau e cursos de p\u00f3s-gradua\u00e7\u00e3o que prestem servi\u00e7os em sua base territorial;<\/p>\n<p>II &#8211; Ajustar Acordos Coletivos e Conven\u00e7\u00f5es Coletivas de Trabalho com empresas ou entidades sindicais patronais;<\/p>\n<p>III &#8211; Ajuizar a\u00e7\u00f5es como substituto processual no interesse de seus associados e da categoria profissional que representa, inclusive na qualidade de representante dos primeiros;<\/p>\n<p>IV &#8211; Manter amistoso conv\u00edvio e efetivo interc\u00e2mbio com as demais entidades representativas de docentes do Ensino Superior do Estado do Paran\u00e1 e do Brasil, observadas as peculiaridades e o \u00e2mbito de atua\u00e7\u00e3o de cada uma delas;<\/p>\n<p>V &#8211; Exercitar na plenitude todas as prerrogativas constitucionais e legais inerentes \u00e0s entidades sindicais.<\/p>\n<p>Ao longo dos \u00faltimos anos o SINPES concentrou sua atua\u00e7\u00e3o para a consecu\u00e7\u00e3o de seus princ\u00edpios e finalidades, de forma consent\u00e2nea com os anseios dos professores que conceberam sua constitui\u00e7\u00e3o, almejando uma entidade sindical atuante e representativa.<\/p>\n<p>Nos diss\u00eddios e conven\u00e7\u00f5es coletivas pactuadas com a entidade patronal, o maior objetivo do SINPES \u00e9 o resguardo dos interesses e direitos dos professores atuantes na gradua\u00e7\u00e3o e p\u00f3s-gradua\u00e7\u00e3o, bem como o dever de prestar sua solidariedade e apoio \u00e0 comunidade discente e aos demais envolvidos com o ber\u00e7o acad\u00eamico.<\/p>\n<p>\u00c9 na defesa das prerrogativas legais e constitucionais da categoria profissional que o SINPES promove a\u00e7\u00f5es como substituto processual a fim de atrair a responsabilidade decorrente da atividade sindical que exerce.<\/p>\n<!-- AddThis Advanced Settings generic via filter on the_content --><!-- AddThis Share Buttons generic via filter on the_content -->","protected":false},"excerpt":{"rendered":"<p>S\u00e3o as seguintes as finalidades do SINPES: I &#8211; Defender os interesses profissionais dos professores de terceiro grau e cursos de p\u00f3s-gradua\u00e7\u00e3o que prestem servi\u00e7os em sua base territorial; II &#8211; Ajustar Acordos Coletivos e Conven\u00e7\u00f5es Coletivas de Trabalho com empresas ou entidades sindicais patronais; III &#8211; Ajuizar a\u00e7\u00f5es como substituto processual no interesse de [&hellip;]<!-- AddThis Advanced Settings generic via filter on wp_trim_excerpt --><!-- AddThis Share Buttons generic via filter on wp_trim_excerpt --><\/p>\n","protected":false},"author":2,"featured_media":0,"parent":0,"menu_order":2,"comment_status":"closed","ping_status":"closed","template":"","meta":{"footnotes":""},"class_list":["post-97","page","type-page","status-publish","hentry"],"_links":{"self":[{"href":"https:\/\/sinpes.org.br\/site\/wp-json\/wp\/v2\/pages\/97","targetHints":{"allow":["GET"]}}],"collection":[{"href":"https:\/\/sinpes.org.br\/site\/wp-json\/wp\/v2\/pages"}],"about":[{"href":"https:\/\/sinpes.org.br\/site\/wp-json\/wp\/v2\/types\/page"}],"author":[{"embeddable":true,"href":"https:\/\/sinpes.org.br\/site\/wp-json\/wp\/v2\/users\/2"}],"replies":[{"embeddable":true,"href":"https:\/\/sinpes.org.br\/site\/wp-json\/wp\/v2\/comments?post=97"}],"version-history":[{"count":3,"href":"https:\/\/sinpes.org.br\/site\/wp-json\/wp\/v2\/pages\/97\/revisions"}],"predecessor-version":[{"id":269,"href":"https:\/\/sinpes.org.br\/site\/wp-json\/wp\/v2\/pages\/97\/revisions\/269"}],"wp:attachment":[{"href":"https:\/\/sinpes.org.br\/site\/wp-json\/wp\/v2\/media?parent=97"}],"curies":[{"name":"wp","href":"https:\/\/api.w.org\/{rel}","templated":true}]}}