{"id":95,"date":"2014-05-22T23:26:34","date_gmt":"2014-05-23T02:26:34","guid":{"rendered":"http:\/\/sinpes.org.br\/site\/?page_id=95"},"modified":"2014-07-25T11:26:53","modified_gmt":"2014-07-25T14:26:53","slug":"historico","status":"publish","type":"page","link":"https:\/\/sinpes.org.br\/site\/historico\/","title":{"rendered":"Hist\u00f3rico"},"content":{"rendered":"<p style=\"text-align: justify;\">O SINPES &#8211; Sindicato dos Professores do Ensino Superior de Curitiba e Regi\u00e3o Metropolitana &#8211; \u00e9 a entidade pioneira na representa\u00e7\u00e3o desta categoria profissional no Brasil.<\/p>\n<p style=\"text-align: justify;\">Na \u00e9poca da forma\u00e7\u00e3o do SINPES existia uma \u00fanica entidade sindical representativa dos professores de ensino superior no Brasil, a ANDES &#8211; Associa\u00e7\u00e3o Nacional de Docentes do Ensino Superior. Sua atua\u00e7\u00e3o, entretanto, voltava-se exclusivamente para o ensino p\u00fablico superior, setor em que os docentes eram mais bem organizados e articulados. No ensino privado, a \u00fanica entidade em pa\u00edses de l\u00edngua portuguesa era em Angola.<\/p>\n<p style=\"text-align: justify;\">Antes do nascimento do SINPES, os professores de ensino fundamental, m\u00e9dio e superior atuavam juntos no SINPROPAR &#8211; Sindicato dos Professores no Estado do Paran\u00e1.<\/p>\n<p style=\"text-align: justify;\">A hist\u00f3rica greve do Setor de Ci\u00eancias Jur\u00eddicas e Sociais da ent\u00e3o Universidade Cat\u00f3lica do Paran\u00e1 em 1989 redundou em diss\u00eddio coletivo instaurado no TRT &#8211; Tribunal Regional do Trabalho, e conquistou um acordo coletivo com ganho real para os professores e aideia de se criar uma entidade sindical representativa da categoria.<\/p>\n<p style=\"text-align: justify;\">Na oportunidade os docentes do Ensino Superior resolveram trabalhar para a constitui\u00e7\u00e3o da pedra fundamental da entidade, por entender que o SINPROPAR n\u00e3o tinha condi\u00e7\u00f5es de atender \u00e0s especificidades dos professores.<\/p>\n<p style=\"text-align: justify;\">Em 06 de junho de 1991 foi dado o primeiro passo concreto para a exist\u00eancia do SINPES. Foi uma t\u00edmida assembleia geral realizada, por cautela, no sal\u00e3o de festas de um pr\u00e9dio de classe m\u00e9dia nas Merc\u00eas, longe dos olhos repressores dos patr\u00f5es, oportunidade em que foi aprovado o estatuto provis\u00f3rio e eleita a primeira diretoria.<\/p>\n<p style=\"text-align: justify;\">A caminhada inicial foi muito \u00e1rdua. A legitimidade de representa\u00e7\u00e3o do SINPES, fruto dos novos ventos da Constitui\u00e7\u00e3o de 1988, somente foi reconhecida alguns anos depois de sua forma\u00e7\u00e3o, em memor\u00e1vel decis\u00e3o judicial prolatada em a\u00e7\u00e3o de consigna\u00e7\u00e3o em pagamento interposta pelos patr\u00f5es na Justi\u00e7a Comum.<\/p>\n<p style=\"text-align: justify;\">Nessa a\u00e7\u00e3o o SINPROPAR impugnou a exist\u00eancia do SINPES sob a argumenta\u00e7\u00e3o de que sua constitui\u00e7\u00e3o feria o princ\u00edpio da unicidade sindical, mantendo-o durante quase cinco anos, sem possibilidade significativa de arrecada\u00e7\u00e3o. Durante este longo per\u00edodo a entidade foi provida, nas suas necessidades b\u00e1sicas, pela Associa\u00e7\u00e3o dos Professores da Pontif\u00edcia Universidade Cat\u00f3lica do Paran\u00e1 e por alguns associados abnegados, que tinham f\u00e9 no projeto de emancipa\u00e7\u00e3o dos professores do ensino superior da rede privada.<\/p>\n<p style=\"text-align: justify;\">Somente depois de rejeitado o recurso do SINPROPAR contra o reconhecimento judicial do SINPES \u00e9 que a entidade de classe patronal, o SINEPE &#8211; Sindicato dos Estabelecimentos de Ensino Superior do Paran\u00e1 &#8211; passou a pactuar conven\u00e7\u00f5es coletivas conosco.<\/p>\n<p style=\"text-align: justify;\">Desde o in\u00edcio de sua exist\u00eancia, faz parte da filosofia da nova entidade sindical lutar por melhores condi\u00e7\u00f5es de remunera\u00e7\u00e3o e de trabalho para os professores do Ensino Superior. E para isso foi preciso dar um basta \u00e0 s\u00e9rie de concess\u00f5es aos empregadores que vinham sendo feitas pelo SINPROPAR.<\/p>\n<!-- AddThis Advanced Settings generic via filter on the_content --><!-- AddThis Share Buttons generic via filter on the_content -->","protected":false},"excerpt":{"rendered":"<p>O SINPES &#8211; Sindicato dos Professores do Ensino Superior de Curitiba e Regi\u00e3o Metropolitana &#8211; \u00e9 a entidade pioneira na representa\u00e7\u00e3o desta categoria profissional no Brasil. Na \u00e9poca da forma\u00e7\u00e3o do SINPES existia uma \u00fanica entidade sindical representativa dos professores de ensino superior no Brasil, a ANDES &#8211; Associa\u00e7\u00e3o Nacional de Docentes do Ensino Superior. [&hellip;]<!-- AddThis Advanced Settings generic via filter on wp_trim_excerpt --><!-- AddThis Share Buttons generic via filter on wp_trim_excerpt --><\/p>\n","protected":false},"author":2,"featured_media":0,"parent":0,"menu_order":1,"comment_status":"closed","ping_status":"closed","template":"","meta":{"footnotes":""},"class_list":["post-95","page","type-page","status-publish","hentry"],"_links":{"self":[{"href":"https:\/\/sinpes.org.br\/site\/wp-json\/wp\/v2\/pages\/95","targetHints":{"allow":["GET"]}}],"collection":[{"href":"https:\/\/sinpes.org.br\/site\/wp-json\/wp\/v2\/pages"}],"about":[{"href":"https:\/\/sinpes.org.br\/site\/wp-json\/wp\/v2\/types\/page"}],"author":[{"embeddable":true,"href":"https:\/\/sinpes.org.br\/site\/wp-json\/wp\/v2\/users\/2"}],"replies":[{"embeddable":true,"href":"https:\/\/sinpes.org.br\/site\/wp-json\/wp\/v2\/comments?post=95"}],"version-history":[{"count":3,"href":"https:\/\/sinpes.org.br\/site\/wp-json\/wp\/v2\/pages\/95\/revisions"}],"predecessor-version":[{"id":278,"href":"https:\/\/sinpes.org.br\/site\/wp-json\/wp\/v2\/pages\/95\/revisions\/278"}],"wp:attachment":[{"href":"https:\/\/sinpes.org.br\/site\/wp-json\/wp\/v2\/media?parent=95"}],"curies":[{"name":"wp","href":"https:\/\/api.w.org\/{rel}","templated":true}]}}