{"id":105,"date":"2014-05-22T23:33:13","date_gmt":"2014-05-23T02:33:13","guid":{"rendered":"http:\/\/sinpes.org.br\/site\/?page_id=105"},"modified":"2026-04-14T13:41:34","modified_gmt":"2026-04-14T16:41:34","slug":"didatas-anteriores-old","status":"publish","type":"page","link":"https:\/\/sinpes.org.br\/site\/didatas-anteriores-old\/","title":{"rendered":"Did\u00e1tico Digital"},"content":{"rendered":"<table class=\"style10\" border=\"0\" width=\"200\" cellspacing=\"2\" cellpadding=\"2\">\n<tbody>\n<tr>\n<td>\n<ul>\n<li><a href=\"https:\/\/sinpes.org.br\/site\/wp-content\/uploads\/2026\/04\/Didatico-47-Online.pdf\">Did\u00e1tico &#8211; 47\u00a0<\/a><\/li>\n<li><a href=\"https:\/\/sinpes.org.br\/site\/wp-content\/uploads\/2025\/04\/Didatico-46.pdf\">Did\u00e1tico &#8211; 46<\/a><\/li>\n<li><a href=\"https:\/\/sinpes.org.br\/site\/wp-content\/uploads\/2024\/06\/Didatico-45.pdf\">Did\u00e1tico &#8211; 45<\/a><\/li>\n<\/ul>\n<\/td>\n<\/tr>\n<tr>\n<td>\n<ul>\n<li><a href=\"https:\/\/sinpes.org.br\/site\/wp-content\/uploads\/2024\/06\/Didatico-44.pdf\">Did\u00e1tico &#8211; 44<\/a><\/li>\n<\/ul>\n<\/td>\n<\/tr>\n<tr>\n<td>\n<ul>\n<li><a href=\"https:\/\/sinpes.org.br\/site\/wp-content\/uploads\/2024\/06\/Didatico-43.pdf\">Did\u00e1tico &#8211; 43<\/a><\/li>\n<\/ul>\n<\/td>\n<\/tr>\n<tr>\n<td>\n<ul>\n<li><a href=\"https:\/\/sinpes.org.br\/site\/wp-content\/uploads\/2024\/06\/Didata-42.pdf\">Didata &#8211; 42<\/a><\/li>\n<\/ul>\n<\/td>\n<\/tr>\n<tr>\n<td>\n<ul>\n<li><a href=\"https:\/\/sinpes.org.br\/site\/wp-content\/uploads\/2024\/06\/Didata-41.pdf\">Didata -41<\/a><\/li>\n<\/ul>\n<\/td>\n<\/tr>\n<tr>\n<td>\n<ul>\n<li><a href=\"https:\/\/sinpes.org.br\/site\/wp-content\/uploads\/2024\/06\/Didata-40.pdf\">Didata-40<\/a><\/li>\n<\/ul>\n<\/td>\n<\/tr>\n<tr>\n<td>\n<ul>\n<li><a href=\"https:\/\/sinpes.org.br\/site\/wp-content\/uploads\/2024\/06\/Didata-39.pdf\">Didata -39<\/a><\/li>\n<\/ul>\n<\/td>\n<\/tr>\n<tr>\n<td>\n<ul>\n<li><a href=\"https:\/\/sinpes.org.br\/site\/wp-content\/uploads\/2024\/06\/Didata-36.pdf\">Didata &#8211; 36<\/a><\/li>\n<\/ul>\n<\/td>\n<\/tr>\n<tr>\n<td>\n<ul>\n<li><a href=\"https:\/\/sinpes.org.br\/site\/wp-content\/uploads\/2024\/06\/Didata-34.pdf\">Didata &#8211; 34<\/a><\/li>\n<\/ul>\n<\/td>\n<\/tr>\n<tr>\n<td>\n<ul>\n<li><a href=\"https:\/\/sinpes.org.br\/site\/wp-content\/uploads\/2024\/06\/Didata-27.pdf\">Didata -27<\/a><\/li>\n<\/ul>\n<\/td>\n<\/tr>\n<tr>\n<td>\n<ul>\n<li><a href=\"https:\/\/sinpes.org.br\/site\/wp-content\/uploads\/2024\/06\/Didata-26.pdf\">Didata -26<\/a><\/li>\n<\/ul>\n<\/td>\n<\/tr>\n<tr>\n<td>\n<ul>\n<li><a href=\"https:\/\/sinpes.org.br\/site\/wp-content\/uploads\/2024\/06\/Didata-25.pdf\">Didata- 25<\/a><\/li>\n<\/ul>\n<\/td>\n<\/tr>\n<tr>\n<td><\/td>\n<\/tr>\n<tr>\n<td><\/td>\n<\/tr>\n<tr>\n<td><\/td>\n<\/tr>\n<\/tbody>\n<\/table>\n<!-- AddThis Advanced Settings generic via filter on the_content --><!-- AddThis Share Buttons generic via filter on the_content -->","protected":false},"excerpt":{"rendered":"<p>Did\u00e1tico &#8211; 47\u00a0 Did\u00e1tico &#8211; 46 Did\u00e1tico &#8211; 45 Did\u00e1tico &#8211; 44 Did\u00e1tico &#8211; 43 Didata &#8211; 42 Didata -41 Didata-40 Didata -39 Didata &#8211; 36 Didata &#8211; 34 Didata -27 Didata -26 Didata- 25<!-- AddThis Advanced Settings generic via filter on wp_trim_excerpt --><!-- AddThis Share Buttons generic via filter on wp_trim_excerpt --><\/p>\n","protected":false},"author":2,"featured_media":0,"parent":0,"menu_order":8,"comment_status":"closed","ping_status":"closed","template":"","meta":{"footnotes":""},"class_list":["post-105","page","type-page","status-publish","hentry"],"_links":{"self":[{"href":"https:\/\/sinpes.org.br\/site\/wp-json\/wp\/v2\/pages\/105","targetHints":{"allow":["GET"]}}],"collection":[{"href":"https:\/\/sinpes.org.br\/site\/wp-json\/wp\/v2\/pages"}],"about":[{"href":"https:\/\/sinpes.org.br\/site\/wp-json\/wp\/v2\/types\/page"}],"author":[{"embeddable":true,"href":"https:\/\/sinpes.org.br\/site\/wp-json\/wp\/v2\/users\/2"}],"replies":[{"embeddable":true,"href":"https:\/\/sinpes.org.br\/site\/wp-json\/wp\/v2\/comments?post=105"}],"version-history":[{"count":16,"href":"https:\/\/sinpes.org.br\/site\/wp-json\/wp\/v2\/pages\/105\/revisions"}],"predecessor-version":[{"id":5560,"href":"https:\/\/sinpes.org.br\/site\/wp-json\/wp\/v2\/pages\/105\/revisions\/5560"}],"wp:attachment":[{"href":"https:\/\/sinpes.org.br\/site\/wp-json\/wp\/v2\/media?parent=105"}],"curies":[{"name":"wp","href":"https:\/\/api.w.org\/{rel}","templated":true}]}}